{"id":538,"date":"2024-09-16T10:29:54","date_gmt":"2024-09-16T10:29:54","guid":{"rendered":"https:\/\/laiamolero.com\/?page_id=538"},"modified":"2024-10-09T13:10:36","modified_gmt":"2024-10-09T11:10:36","slug":"aviso-legal","status":"publish","type":"page","link":"https:\/\/laiamolero.com\/es\/aviso-legal\/","title":{"rendered":"Aviso Legal"},"content":{"rendered":"\t\t<div data-elementor-type=\"wp-page\" data-elementor-id=\"538\" class=\"elementor elementor-538\" data-elementor-post-type=\"page\">\n\t\t\t\t<div class=\"elementor-element elementor-element-50fb488 e-flex e-con-boxed e-con e-parent\" data-id=\"50fb488\" data-element_type=\"container\" data-e-type=\"container\">\n\t\t\t\t\t<div class=\"e-con-inner\">\n\t\t\t\t<div class=\"elementor-element elementor-element-1bdf324 elementor-widget elementor-widget-theme-site-logo elementor-widget-image\" data-id=\"1bdf324\" data-element_type=\"widget\" data-e-type=\"widget\" data-widget_type=\"theme-site-logo.default\">\n\t\t\t\t<div class=\"elementor-widget-container\">\n\t\t\t\t\t\t\t\t\t\t\t<a href=\"https:\/\/laiamolero.com\/es\/\">\n\t\t\t<img fetchpriority=\"high\" decoding=\"async\" width=\"680\" height=\"100\" src=\"https:\/\/laiamolero.com\/wp-content\/uploads\/2024\/09\/logo_laiamolero.svg\" class=\"attachment-full size-full wp-image-520\" alt=\"\" \/>\t\t\t\t<\/a>\n\t\t\t\t\t\t\t\t\t\t\t<\/div>\n\t\t\t\t<\/div>\n\t\t\t\t\t<\/div>\n\t\t\t\t<\/div>\n\t\t<div class=\"elementor-element elementor-element-ea15314 e-flex e-con-boxed e-con e-parent\" data-id=\"ea15314\" data-element_type=\"container\" data-e-type=\"container\">\n\t\t\t\t\t<div class=\"e-con-inner\">\n\t\t\t\t<div class=\"elementor-element elementor-element-1c71bae elementor-widget elementor-widget-heading\" data-id=\"1c71bae\" data-element_type=\"widget\" data-e-type=\"widget\" data-widget_type=\"heading.default\">\n\t\t\t\t<div class=\"elementor-widget-container\">\n\t\t\t\t\t<h2 class=\"elementor-heading-title elementor-size-default\">Aviso legal<\/h2>\t\t\t\t<\/div>\n\t\t\t\t<\/div>\n\t\t\t\t<div class=\"elementor-element elementor-element-2984926 elementor-widget elementor-widget-text-editor\" data-id=\"2984926\" data-element_type=\"widget\" data-e-type=\"widget\" data-widget_type=\"text-editor.default\">\n\t\t\t\t<div class=\"elementor-widget-container\">\n\t\t\t\t\t\t\t\t\t<p>En cumplimiento con el deber de informaci\u00f3n recogido en art\u00edculo 10 de la Ley 34\/2002, de 11 de julio, de Servicios de la Sociedad de la Informaci\u00f3n y del Comercio Electr\u00f3nico (LSSICE), el propietario de la web , le informa de lo siguiente:<\/p>\n\n<ul>\n  <li><strong>Denominaci\u00f3n social:<\/strong> Laia Molero Beneito<\/li>\n  <li><strong>NIF:<\/strong> 21697768M<\/li>\n  <li><strong>Domicilio:<\/strong> Rambla De La Marina, 256, 2n, 2a, 08907 &#8211; L&#8217;hospitalet de Llobregat (Barcelona)<\/li>\n<\/ul>\n\n<p>Con los l\u00edmites establecidos en la ley, Laia Molero Beneito no asume ninguna responsabilidad derivada de la falta de veracidad, integridad, actualizaci\u00f3n y precisi\u00f3n de los datos o informaciones que contienen sus p\u00e1ginas web.<\/p>\n\n<p>Los contenidos e informaci\u00f3n no vinculan a Laia Molero Beneito ni constituyen opiniones, consejos o asesoramiento legal de ning\u00fan tipo pues se trata meramente de un servicio ofrecido con car\u00e1cter informativo y divulgativo.<\/p>\n\n<p>Las p\u00e1ginas de Internet de Laia Molero Beneito pueden contener enlaces (links) a otras p\u00e1ginas de terceras partes que Laia Molero Beneito no puede controlar. Por lo tanto, Laia Molero Beneito no puede asumir responsabilidades por el contenido que pueda aparecer en p\u00e1ginas de terceros.<\/p>\n\n<p>Los textos, im\u00e1genes, sonidos, animaciones, software y el resto de contenidos incluidos en este website son propiedad exclusiva de Laia Molero Beneito o sus licenciantes. Cualquier acto de transmisi\u00f3n, distribuci\u00f3n, cesi\u00f3n, reproducci\u00f3n, almacenamiento o comunicaci\u00f3n p\u00fablica total o parcial, deber\u00e1 contar con el consentimiento expreso de Laia Molero Beneito.<\/p>\n\n<p>Asimismo, para acceder a algunos de los servicios que Laia Molero Beneito ofrece a trav\u00e9s del sitio web, deber\u00e1 proporcionar algunos datos de car\u00e1cter personal. En cumplimiento de lo establecido en el Reglamento (UE) 2016\/679 del Parlamento Europeo y del Consejo, de 27 de abril de 2016, relativo a la protecci\u00f3n de las personas f\u00edsicas en lo que respecta al tratamiento de datos personales y a la libre circulaci\u00f3n de estos datos le informamos que, mediante la cumplimentaci\u00f3n de los presentes formularios, sus datos personales quedar\u00e1n incorporados y ser\u00e1n tratados en los ficheros de Laia Molero Beneito con el fin de poderle prestar y ofrecer nuestros servicios as\u00ed como para informarle de las mejoras del sitio Web.<\/p>\n\n<p>Le informamos tambi\u00e9n de que tendr\u00e1 la posibilidad en todo momento de ejercer los derechos de acceso, rectificaci\u00f3n, cancelaci\u00f3n, oposici\u00f3n, limitaci\u00f3n y portabilidad de sus datos de car\u00e1cter personal, de manera gratuita mediante email a: <a href=\"mailto:hola@laiamolero.com\">hola@laiamolero.com<\/a> o en la direcci\u00f3n: Rambla De La Marina, 256, 2n, 2a, 08907 &#8211; L&#8217;hospitalet de Llobregat (Barcelona).<\/p>\n\n<p><strong>REV:<\/strong> 20.3009<\/p>\n\t\t\t\t\t\t\t\t<\/div>\n\t\t\t\t<\/div>\n\t\t\t\t\t<\/div>\n\t\t\t\t<\/div>\n\t\t\t\t<\/div>\n\t\t","protected":false},"excerpt":{"rendered":"<p>Aviso legal En cumplimiento con el deber de informaci\u00f3n recogido en art\u00edculo 10 de la Ley 34\/2002, de 11 de julio, de Servicios de la Sociedad de la Informaci\u00f3n y del Comercio Electr\u00f3nico (LSSICE), el propietario de la web , le informa de lo siguiente: Denominaci\u00f3n social: Laia Molero Beneito NIF: 21697768M Domicilio: Rambla De [&hellip;]<\/p>\n","protected":false},"author":1,"featured_media":0,"parent":0,"menu_order":0,"comment_status":"closed","ping_status":"closed","template":"elementor_canvas","meta":{"_acf_changed":false,"footnotes":""},"class_list":["post-538","page","type-page","status-publish","hentry"],"acf":[],"yoast_head":"<!-- This site is optimized with the Yoast SEO plugin v27.4 - https:\/\/yoast.com\/product\/yoast-seo-wordpress\/ -->\n<title>Aviso Legal - Laia Molero<\/title>\n<meta name=\"robots\" content=\"index, follow, max-snippet:-1, max-image-preview:large, max-video-preview:-1\" \/>\n<link rel=\"canonical\" href=\"https:\/\/laiamolero.com\/es\/aviso-legal\/\" \/>\n<meta property=\"og:locale\" content=\"es_ES\" \/>\n<meta property=\"og:type\" content=\"article\" \/>\n<meta property=\"og:title\" content=\"Aviso Legal - Laia Molero\" \/>\n<meta property=\"og:description\" content=\"Aviso legal En cumplimiento con el deber de informaci\u00f3n recogido en art\u00edculo 10 de la Ley 34\/2002, de 11 de julio, de Servicios de la Sociedad de la Informaci\u00f3n y del Comercio Electr\u00f3nico (LSSICE), el propietario de la web , le informa de lo siguiente: Denominaci\u00f3n social: Laia Molero Beneito NIF: 21697768M Domicilio: Rambla De [&hellip;]\" \/>\n<meta property=\"og:url\" content=\"https:\/\/laiamolero.com\/es\/aviso-legal\/\" \/>\n<meta property=\"og:site_name\" content=\"Laia Molero\" \/>\n<meta property=\"article:modified_time\" content=\"2024-10-09T11:10:36+00:00\" \/>\n<meta name=\"twitter:card\" content=\"summary_large_image\" \/>\n<meta name=\"twitter:label1\" content=\"Tiempo de lectura\" \/>\n\t<meta name=\"twitter:data1\" content=\"2 minutos\" \/>\n<script type=\"application\/ld+json\" class=\"yoast-schema-graph\">{\"@context\":\"https:\\\/\\\/schema.org\",\"@graph\":[{\"@type\":\"WebPage\",\"@id\":\"https:\\\/\\\/laiamolero.com\\\/es\\\/aviso-legal\\\/\",\"url\":\"https:\\\/\\\/laiamolero.com\\\/es\\\/aviso-legal\\\/\",\"name\":\"Aviso Legal - Laia Molero\",\"isPartOf\":{\"@id\":\"https:\\\/\\\/laiamolero.com\\\/#website\"},\"datePublished\":\"2024-09-16T10:29:54+00:00\",\"dateModified\":\"2024-10-09T11:10:36+00:00\",\"breadcrumb\":{\"@id\":\"https:\\\/\\\/laiamolero.com\\\/es\\\/aviso-legal\\\/#breadcrumb\"},\"inLanguage\":\"es\",\"potentialAction\":[{\"@type\":\"ReadAction\",\"target\":[\"https:\\\/\\\/laiamolero.com\\\/es\\\/aviso-legal\\\/\"]}]},{\"@type\":\"BreadcrumbList\",\"@id\":\"https:\\\/\\\/laiamolero.com\\\/es\\\/aviso-legal\\\/#breadcrumb\",\"itemListElement\":[{\"@type\":\"ListItem\",\"position\":1,\"name\":\"Portada\",\"item\":\"https:\\\/\\\/laiamolero.com\\\/es\\\/\"},{\"@type\":\"ListItem\",\"position\":2,\"name\":\"Aviso Legal\"}]},{\"@type\":\"WebSite\",\"@id\":\"https:\\\/\\\/laiamolero.com\\\/#website\",\"url\":\"https:\\\/\\\/laiamolero.com\\\/\",\"name\":\"Laia Molero\",\"description\":\"\",\"publisher\":{\"@id\":\"https:\\\/\\\/laiamolero.com\\\/#organization\"},\"potentialAction\":[{\"@type\":\"SearchAction\",\"target\":{\"@type\":\"EntryPoint\",\"urlTemplate\":\"https:\\\/\\\/laiamolero.com\\\/?s={search_term_string}\"},\"query-input\":{\"@type\":\"PropertyValueSpecification\",\"valueRequired\":true,\"valueName\":\"search_term_string\"}}],\"inLanguage\":\"es\"},{\"@type\":\"Organization\",\"@id\":\"https:\\\/\\\/laiamolero.com\\\/#organization\",\"name\":\"Laia Molero\",\"url\":\"https:\\\/\\\/laiamolero.com\\\/\",\"logo\":{\"@type\":\"ImageObject\",\"inLanguage\":\"es\",\"@id\":\"https:\\\/\\\/laiamolero.com\\\/#\\\/schema\\\/logo\\\/image\\\/\",\"url\":\"https:\\\/\\\/laiamolero.com\\\/wp-content\\\/uploads\\\/2024\\\/09\\\/logo_laiamolero.svg\",\"contentUrl\":\"https:\\\/\\\/laiamolero.com\\\/wp-content\\\/uploads\\\/2024\\\/09\\\/logo_laiamolero.svg\",\"width\":680,\"height\":100,\"caption\":\"Laia Molero\"},\"image\":{\"@id\":\"https:\\\/\\\/laiamolero.com\\\/#\\\/schema\\\/logo\\\/image\\\/\"}}]}<\/script>\n<!-- \/ Yoast SEO plugin. -->","yoast_head_json":{"title":"Aviso Legal - Laia Molero","robots":{"index":"index","follow":"follow","max-snippet":"max-snippet:-1","max-image-preview":"max-image-preview:large","max-video-preview":"max-video-preview:-1"},"canonical":"https:\/\/laiamolero.com\/es\/aviso-legal\/","og_locale":"es_ES","og_type":"article","og_title":"Aviso Legal - Laia Molero","og_description":"Aviso legal En cumplimiento con el deber de informaci\u00f3n recogido en art\u00edculo 10 de la Ley 34\/2002, de 11 de julio, de Servicios de la Sociedad de la Informaci\u00f3n y del Comercio Electr\u00f3nico (LSSICE), el propietario de la web , le informa de lo siguiente: Denominaci\u00f3n social: Laia Molero Beneito NIF: 21697768M Domicilio: Rambla De [&hellip;]","og_url":"https:\/\/laiamolero.com\/es\/aviso-legal\/","og_site_name":"Laia Molero","article_modified_time":"2024-10-09T11:10:36+00:00","twitter_card":"summary_large_image","twitter_misc":{"Tiempo de lectura":"2 minutos"},"schema":{"@context":"https:\/\/schema.org","@graph":[{"@type":"WebPage","@id":"https:\/\/laiamolero.com\/es\/aviso-legal\/","url":"https:\/\/laiamolero.com\/es\/aviso-legal\/","name":"Aviso Legal - Laia Molero","isPartOf":{"@id":"https:\/\/laiamolero.com\/#website"},"datePublished":"2024-09-16T10:29:54+00:00","dateModified":"2024-10-09T11:10:36+00:00","breadcrumb":{"@id":"https:\/\/laiamolero.com\/es\/aviso-legal\/#breadcrumb"},"inLanguage":"es","potentialAction":[{"@type":"ReadAction","target":["https:\/\/laiamolero.com\/es\/aviso-legal\/"]}]},{"@type":"BreadcrumbList","@id":"https:\/\/laiamolero.com\/es\/aviso-legal\/#breadcrumb","itemListElement":[{"@type":"ListItem","position":1,"name":"Portada","item":"https:\/\/laiamolero.com\/es\/"},{"@type":"ListItem","position":2,"name":"Aviso Legal"}]},{"@type":"WebSite","@id":"https:\/\/laiamolero.com\/#website","url":"https:\/\/laiamolero.com\/","name":"Laia Molero","description":"","publisher":{"@id":"https:\/\/laiamolero.com\/#organization"},"potentialAction":[{"@type":"SearchAction","target":{"@type":"EntryPoint","urlTemplate":"https:\/\/laiamolero.com\/?s={search_term_string}"},"query-input":{"@type":"PropertyValueSpecification","valueRequired":true,"valueName":"search_term_string"}}],"inLanguage":"es"},{"@type":"Organization","@id":"https:\/\/laiamolero.com\/#organization","name":"Laia Molero","url":"https:\/\/laiamolero.com\/","logo":{"@type":"ImageObject","inLanguage":"es","@id":"https:\/\/laiamolero.com\/#\/schema\/logo\/image\/","url":"https:\/\/laiamolero.com\/wp-content\/uploads\/2024\/09\/logo_laiamolero.svg","contentUrl":"https:\/\/laiamolero.com\/wp-content\/uploads\/2024\/09\/logo_laiamolero.svg","width":680,"height":100,"caption":"Laia Molero"},"image":{"@id":"https:\/\/laiamolero.com\/#\/schema\/logo\/image\/"}}]}},"_links":{"self":[{"href":"https:\/\/laiamolero.com\/es\/wp-json\/wp\/v2\/pages\/538","targetHints":{"allow":["GET"]}}],"collection":[{"href":"https:\/\/laiamolero.com\/es\/wp-json\/wp\/v2\/pages"}],"about":[{"href":"https:\/\/laiamolero.com\/es\/wp-json\/wp\/v2\/types\/page"}],"author":[{"embeddable":true,"href":"https:\/\/laiamolero.com\/es\/wp-json\/wp\/v2\/users\/1"}],"replies":[{"embeddable":true,"href":"https:\/\/laiamolero.com\/es\/wp-json\/wp\/v2\/comments?post=538"}],"version-history":[{"count":22,"href":"https:\/\/laiamolero.com\/es\/wp-json\/wp\/v2\/pages\/538\/revisions"}],"predecessor-version":[{"id":1632,"href":"https:\/\/laiamolero.com\/es\/wp-json\/wp\/v2\/pages\/538\/revisions\/1632"}],"wp:attachment":[{"href":"https:\/\/laiamolero.com\/es\/wp-json\/wp\/v2\/media?parent=538"}],"curies":[{"name":"wp","href":"https:\/\/api.w.org\/{rel}","templated":true}]}}