{"id":2485,"date":"2025-07-02T18:21:37","date_gmt":"2025-07-02T16:21:37","guid":{"rendered":"https:\/\/laiamolero.com\/libro-escriure-les-arrels\/"},"modified":"2025-07-03T17:36:07","modified_gmt":"2025-07-03T15:36:07","slug":"libro-escriure-les-arrels","status":"publish","type":"page","link":"https:\/\/laiamolero.com\/es\/libro-escriure-les-arrels\/","title":{"rendered":"Libro &#8211; Escriure les arrels"},"content":{"rendered":"\t\t<div data-elementor-type=\"wp-page\" data-elementor-id=\"2485\" class=\"elementor elementor-2485 elementor-2464\" data-elementor-post-type=\"page\">\n\t\t\t\t<div class=\"elementor-element elementor-element-1426a73 e-flex e-con-boxed e-con e-parent\" data-id=\"1426a73\" data-element_type=\"container\" data-e-type=\"container\">\n\t\t\t\t\t<div class=\"e-con-inner\">\n\t\t<div class=\"elementor-element elementor-element-dad90ff e-con-full e-flex e-con e-child\" data-id=\"dad90ff\" data-element_type=\"container\" data-e-type=\"container\">\n\t\t<div class=\"elementor-element elementor-element-2031c72 e-con-full e-flex e-con e-child\" data-id=\"2031c72\" data-element_type=\"container\" data-e-type=\"container\">\n\t\t\t\t<div class=\"elementor-element elementor-element-7d515f0 elementor-arrows-position-inside elementor-widget elementor-widget-image-carousel\" data-id=\"7d515f0\" data-element_type=\"widget\" data-e-type=\"widget\" data-settings=\"{&quot;slides_to_show&quot;:&quot;1&quot;,&quot;navigation&quot;:&quot;arrows&quot;,&quot;autoplay&quot;:&quot;yes&quot;,&quot;pause_on_hover&quot;:&quot;yes&quot;,&quot;pause_on_interaction&quot;:&quot;yes&quot;,&quot;autoplay_speed&quot;:5000,&quot;infinite&quot;:&quot;yes&quot;,&quot;effect&quot;:&quot;slide&quot;,&quot;speed&quot;:500}\" data-widget_type=\"image-carousel.default\">\n\t\t\t\t<div class=\"elementor-widget-container\">\n\t\t\t\t\t\t\t<div class=\"elementor-image-carousel-wrapper swiper\" role=\"region\" aria-roledescription=\"carousel\" aria-label=\"Carrusel de im\u00e1genes\" dir=\"ltr\">\n\t\t\t<div class=\"elementor-image-carousel swiper-wrapper\" aria-live=\"off\">\n\t\t\t\t\t\t\t\t<div class=\"swiper-slide\" role=\"group\" aria-roledescription=\"slide\" aria-label=\"1 de 8\"><figure class=\"swiper-slide-inner\"><img decoding=\"async\" class=\"swiper-slide-image\" src=\"https:\/\/laiamolero.com\/wp-content\/uploads\/2024\/09\/llibre_lamines_2-editada--768x1152.jpg\" alt=\"llibre_lamines_2 editada\" \/><\/figure><\/div><div class=\"swiper-slide\" role=\"group\" aria-roledescription=\"slide\" aria-label=\"2 de 8\"><figure class=\"swiper-slide-inner\"><img decoding=\"async\" class=\"swiper-slide-image\" src=\"https:\/\/laiamolero.com\/wp-content\/uploads\/2024\/09\/llibre_lamines_9-editada-768x512.jpg\" alt=\"llibre_lamines_9 editada\" \/><\/figure><\/div><div class=\"swiper-slide\" role=\"group\" aria-roledescription=\"slide\" aria-label=\"3 de 8\"><figure class=\"swiper-slide-inner\"><img decoding=\"async\" class=\"swiper-slide-image\" src=\"https:\/\/laiamolero.com\/wp-content\/uploads\/2024\/09\/interior_llibre-768x512.jpg\" alt=\"interior_llibre\" \/><\/figure><\/div><div class=\"swiper-slide\" role=\"group\" aria-roledescription=\"slide\" aria-label=\"4 de 8\"><figure class=\"swiper-slide-inner\"><img decoding=\"async\" class=\"swiper-slide-image\" src=\"https:\/\/laiamolero.com\/wp-content\/uploads\/2024\/09\/interior_llibre-2-768x512.jpg\" alt=\"interior_llibre-2\" \/><\/figure><\/div><div class=\"swiper-slide\" role=\"group\" aria-roledescription=\"slide\" aria-label=\"5 de 8\"><figure class=\"swiper-slide-inner\"><img decoding=\"async\" class=\"swiper-slide-image\" src=\"https:\/\/laiamolero.com\/wp-content\/uploads\/2024\/09\/interior_llibre-3-768x512.jpg\" alt=\"interior_llibre-3\" \/><\/figure><\/div><div class=\"swiper-slide\" role=\"group\" aria-roledescription=\"slide\" aria-label=\"6 de 8\"><figure class=\"swiper-slide-inner\"><img decoding=\"async\" class=\"swiper-slide-image\" src=\"https:\/\/laiamolero.com\/wp-content\/uploads\/2024\/09\/interior_llibre-4-768x960.jpg\" alt=\"interior_llibre-4\" \/><\/figure><\/div><div class=\"swiper-slide\" role=\"group\" aria-roledescription=\"slide\" aria-label=\"7 de 8\"><figure class=\"swiper-slide-inner\"><img decoding=\"async\" class=\"swiper-slide-image\" src=\"https:\/\/laiamolero.com\/wp-content\/uploads\/2024\/09\/interior_llibre-5-768x512.jpg\" alt=\"interior_llibre-5\" \/><\/figure><\/div><div class=\"swiper-slide\" role=\"group\" aria-roledescription=\"slide\" aria-label=\"8 de 8\"><figure class=\"swiper-slide-inner\"><img decoding=\"async\" class=\"swiper-slide-image\" src=\"https:\/\/laiamolero.com\/wp-content\/uploads\/2024\/09\/interior_llibre-6-768x512.jpg\" alt=\"interior_llibre-6\" \/><\/figure><\/div>\t\t\t<\/div>\n\t\t\t\t\t\t\t\t\t\t\t\t<div class=\"elementor-swiper-button elementor-swiper-button-prev\" role=\"button\" tabindex=\"0\">\n\t\t\t\t\t\t<svg aria-hidden=\"true\" class=\"e-font-icon-svg e-eicon-chevron-left\" viewBox=\"0 0 1000 1000\" xmlns=\"http:\/\/www.w3.org\/2000\/svg\"><path d=\"M646 125C629 125 613 133 604 142L308 442C296 454 292 471 292 487 292 504 296 521 308 533L604 854C617 867 629 875 646 875 663 875 679 871 692 858 704 846 713 829 713 812 713 796 708 779 692 767L438 487 692 225C700 217 708 204 708 187 708 171 704 154 692 142 675 129 663 125 646 125Z\"><\/path><\/svg>\t\t\t\t\t<\/div>\n\t\t\t\t\t<div class=\"elementor-swiper-button elementor-swiper-button-next\" role=\"button\" tabindex=\"0\">\n\t\t\t\t\t\t<svg aria-hidden=\"true\" class=\"e-font-icon-svg e-eicon-chevron-right\" viewBox=\"0 0 1000 1000\" xmlns=\"http:\/\/www.w3.org\/2000\/svg\"><path d=\"M696 533C708 521 713 504 713 487 713 471 708 454 696 446L400 146C388 133 375 125 354 125 338 125 325 129 313 142 300 154 292 171 292 187 292 204 296 221 308 233L563 492 304 771C292 783 288 800 288 817 288 833 296 850 308 863 321 871 338 875 354 875 371 875 388 867 400 854L696 533Z\"><\/path><\/svg>\t\t\t\t\t<\/div>\n\t\t\t\t\n\t\t\t\t\t\t\t\t\t<\/div>\n\t\t\t\t\t\t<\/div>\n\t\t\t\t<\/div>\n\t\t\t\t<\/div>\n\t\t<div class=\"elementor-element elementor-element-878145b e-con-full e-flex e-con e-child\" data-id=\"878145b\" data-element_type=\"container\" data-e-type=\"container\">\n\t\t\t\t<div class=\"elementor-element elementor-element-fa9cea0 elementor-align-left elementor-widget elementor-widget-button\" data-id=\"fa9cea0\" data-element_type=\"widget\" data-e-type=\"widget\" data-widget_type=\"button.default\">\n\t\t\t\t<div class=\"elementor-widget-container\">\n\t\t\t\t\t\t\t\t\t<div class=\"elementor-button-wrapper\">\n\t\t\t\t\t<a class=\"elementor-button elementor-button-link elementor-size-sm\" href=\"https:\/\/laiamolero.com\/es\/\">\n\t\t\t\t\t\t<span class=\"elementor-button-content-wrapper\">\n\t\t\t\t\t\t<span class=\"elementor-button-icon\">\n\t\t\t\t<svg xmlns=\"http:\/\/www.w3.org\/2000\/svg\" width=\"60\" height=\"30\" viewBox=\"0 0 60 30\" fill=\"none\"><path d=\"M29.0099 29.3557C27.2002 24.3472 27.2002 24.3472 15.6464 19.0603C20.5185 18.3647 24.1378 17.9473 27.6178 17.5299C31.3763 17.1126 35.1347 16.8343 38.8932 16.5561C44.0436 16.2778 49.1941 16.2778 54.2054 15.9996C56.2934 15.8604 59.3559 16.8343 59.2167 13.3561C59.2167 10.2954 56.1543 10.2954 54.0662 10.4345C46.5493 10.5736 38.8932 10.8519 31.3763 11.2693C27.2002 11.5475 23.0241 12.3823 18.1521 12.9388C22.4673 7.65196 29.4275 6.53895 33.0467 -1.44452e-06C30.8195 0.139125 29.2882 -0.139127 28.0354 0.278253C18.8481 4.03467 10.3568 8.76498 2.83984 15.1648C2.14383 15.7213 1.44783 16.4169 1.03023 17.1126C-0.779399 19.756 -0.222608 22.6776 2.83984 23.5124C10.9136 25.8776 19.1265 27.8253 27.3394 29.9122C27.6178 30.1905 28.0354 29.7731 29.0099 29.3557Z\" fill=\"black\"><\/path><\/svg>\t\t\t<\/span>\n\t\t\t\t\t\t\t\t\t<span class=\"elementor-button-text\">vuelve al inicio<\/span>\n\t\t\t\t\t<\/span>\n\t\t\t\t\t<\/a>\n\t\t\t\t<\/div>\n\t\t\t\t\t\t\t\t<\/div>\n\t\t\t\t<\/div>\n\t\t\t\t<div class=\"elementor-element elementor-element-9aa8f3c elementor-widget elementor-widget-heading\" data-id=\"9aa8f3c\" data-element_type=\"widget\" data-e-type=\"widget\" data-widget_type=\"heading.default\">\n\t\t\t\t<div class=\"elementor-widget-container\">\n\t\t\t\t\t<h2 class=\"elementor-heading-title elementor-size-default\">Libro - Escriure les arrels<\/h2>\t\t\t\t<\/div>\n\t\t\t\t<\/div>\n\t\t\t\t<div class=\"elementor-element elementor-element-5015e46 elementor-widget elementor-widget-text-editor\" data-id=\"5015e46\" data-element_type=\"widget\" data-e-type=\"widget\" data-widget_type=\"text-editor.default\">\n\t\t\t\t<div class=\"elementor-widget-container\">\n\t\t\t\t\t\t\t\t\t<p><strong>Sobre el libro<\/strong><\/p><p><em>Escriure les arrels<\/em> es el anhelo de convertirse en pueblo. Es cuidar la memoria y guardarla dentro de las p\u00e1ginas de un libro para que no se olvide. <em>Escriure les arrels<\/em> son los recuerdos, las fotograf\u00edas anal\u00f3gicas, las digitales, los audios, los recortes, las libretas y los escaneos que construyen, desde lo cotidiano, un relato universal. Es todo lo que escribe nuestra historia, la m\u00eda y la tuya.  <\/p><p><strong>Informaci\u00f3n que te interesa :<\/strong><\/p><ul><li>Los libros vienen con una tarjeta de agradecimiento. En caso de que sea para otra persona, ind\u00edcame su nombre cuando contactes conmigo. <\/li><li>Si quieres el libro firmado por la autora (\u00a1por m\u00ed!) ind\u00edcamelo cuando contactes conmigo. Si es para otra persona, ind\u00edcame el nombre. <\/li><li>El libro lo puedes conseguir poni\u00e9ndote en contacto conmigo a trav\u00e9s de este correo: <a href=\"mailto:hola@laiamolero.com\"><strong>hola@laiamolero.com<\/strong><\/a><\/li><li>Si tienes dudas, estar\u00e9 encantada de resolverlas. Escr\u00edbeme, te leo! <\/li><\/ul>\t\t\t\t\t\t\t\t<\/div>\n\t\t\t\t<\/div>\n\t\t\t\t<div class=\"elementor-element elementor-element-e071d85 elementor-align-center elementor-widget elementor-widget-button\" data-id=\"e071d85\" data-element_type=\"widget\" data-e-type=\"widget\" data-widget_type=\"button.default\">\n\t\t\t\t<div class=\"elementor-widget-container\">\n\t\t\t\t\t\t\t\t\t<div class=\"elementor-button-wrapper\">\n\t\t\t\t\t<a class=\"elementor-button elementor-button-link elementor-size-sm\" href=\"mailto:hola@laiamolero.com\">\n\t\t\t\t\t\t<span class=\"elementor-button-content-wrapper\">\n\t\t\t\t\t\t\t\t\t<span class=\"elementor-button-text\">cons\u00edguelo aqu\u00ed<\/span>\n\t\t\t\t\t<\/span>\n\t\t\t\t\t<\/a>\n\t\t\t\t<\/div>\n\t\t\t\t\t\t\t\t<\/div>\n\t\t\t\t<\/div>\n\t\t\t\t<\/div>\n\t\t\t\t<\/div>\n\t\t\t\t\t<\/div>\n\t\t\t\t<\/div>\n\t\t\t\t<\/div>\n\t\t","protected":false},"excerpt":{"rendered":"<p>vuelve al inicio Libro &#8211; Escriure les arrels Sobre el libro Escriure les arrels es el anhelo de convertirse en pueblo. Es cuidar la memoria y guardarla dentro de las p\u00e1ginas de un libro para que no se olvide. Escriure les arrels son los recuerdos, las fotograf\u00edas anal\u00f3gicas, las digitales, los audios, los recortes, las [&hellip;]<\/p>\n","protected":false},"author":1,"featured_media":0,"parent":0,"menu_order":0,"comment_status":"closed","ping_status":"closed","template":"","meta":{"_acf_changed":false,"footnotes":""},"class_list":["post-2485","page","type-page","status-publish","hentry"],"acf":[],"yoast_head":"<!-- This site is optimized with the Yoast SEO plugin v27.5 - https:\/\/yoast.com\/product\/yoast-seo-wordpress\/ -->\n<title>Libro - Escriure les arrels - Laia Molero<\/title>\n<meta name=\"robots\" content=\"index, follow, max-snippet:-1, max-image-preview:large, max-video-preview:-1\" \/>\n<link rel=\"canonical\" href=\"https:\/\/laiamolero.com\/es\/libro-escriure-les-arrels\/\" \/>\n<meta property=\"og:locale\" content=\"es_ES\" \/>\n<meta property=\"og:type\" content=\"article\" \/>\n<meta property=\"og:title\" content=\"Libro - Escriure les arrels - Laia Molero\" \/>\n<meta property=\"og:description\" content=\"vuelve al inicio Libro &#8211; Escriure les arrels Sobre el libro Escriure les arrels es el anhelo de convertirse en pueblo. Es cuidar la memoria y guardarla dentro de las p\u00e1ginas de un libro para que no se olvide. Escriure les arrels son los recuerdos, las fotograf\u00edas anal\u00f3gicas, las digitales, los audios, los recortes, las [&hellip;]\" \/>\n<meta property=\"og:url\" content=\"https:\/\/laiamolero.com\/es\/libro-escriure-les-arrels\/\" \/>\n<meta property=\"og:site_name\" content=\"Laia Molero\" \/>\n<meta property=\"article:modified_time\" content=\"2025-07-03T15:36:07+00:00\" \/>\n<meta property=\"og:image\" content=\"https:\/\/laiamolero.com\/wp-content\/uploads\/2024\/09\/llibre_lamines_2-editada--768x1152.jpg\" \/>\n<meta name=\"twitter:card\" content=\"summary_large_image\" \/>\n<meta name=\"twitter:label1\" content=\"Tiempo de lectura\" \/>\n\t<meta name=\"twitter:data1\" content=\"1 minuto\" \/>\n<script type=\"application\/ld+json\" class=\"yoast-schema-graph\">{\"@context\":\"https:\\\/\\\/schema.org\",\"@graph\":[{\"@type\":\"WebPage\",\"@id\":\"https:\\\/\\\/laiamolero.com\\\/es\\\/libro-escriure-les-arrels\\\/\",\"url\":\"https:\\\/\\\/laiamolero.com\\\/es\\\/libro-escriure-les-arrels\\\/\",\"name\":\"Libro - Escriure les arrels - Laia Molero\",\"isPartOf\":{\"@id\":\"https:\\\/\\\/laiamolero.com\\\/#website\"},\"primaryImageOfPage\":{\"@id\":\"https:\\\/\\\/laiamolero.com\\\/es\\\/libro-escriure-les-arrels\\\/#primaryimage\"},\"image\":{\"@id\":\"https:\\\/\\\/laiamolero.com\\\/es\\\/libro-escriure-les-arrels\\\/#primaryimage\"},\"thumbnailUrl\":\"https:\\\/\\\/laiamolero.com\\\/wp-content\\\/uploads\\\/2024\\\/09\\\/llibre_lamines_2-editada--768x1152.jpg\",\"datePublished\":\"2025-07-02T16:21:37+00:00\",\"dateModified\":\"2025-07-03T15:36:07+00:00\",\"breadcrumb\":{\"@id\":\"https:\\\/\\\/laiamolero.com\\\/es\\\/libro-escriure-les-arrels\\\/#breadcrumb\"},\"inLanguage\":\"es\",\"potentialAction\":[{\"@type\":\"ReadAction\",\"target\":[\"https:\\\/\\\/laiamolero.com\\\/es\\\/libro-escriure-les-arrels\\\/\"]}]},{\"@type\":\"ImageObject\",\"inLanguage\":\"es\",\"@id\":\"https:\\\/\\\/laiamolero.com\\\/es\\\/libro-escriure-les-arrels\\\/#primaryimage\",\"url\":\"https:\\\/\\\/laiamolero.com\\\/wp-content\\\/uploads\\\/2024\\\/09\\\/llibre_lamines_2-editada--768x1152.jpg\",\"contentUrl\":\"https:\\\/\\\/laiamolero.com\\\/wp-content\\\/uploads\\\/2024\\\/09\\\/llibre_lamines_2-editada--768x1152.jpg\"},{\"@type\":\"BreadcrumbList\",\"@id\":\"https:\\\/\\\/laiamolero.com\\\/es\\\/libro-escriure-les-arrels\\\/#breadcrumb\",\"itemListElement\":[{\"@type\":\"ListItem\",\"position\":1,\"name\":\"Portada\",\"item\":\"https:\\\/\\\/laiamolero.com\\\/es\\\/\"},{\"@type\":\"ListItem\",\"position\":2,\"name\":\"Libro &#8211; Escriure les arrels\"}]},{\"@type\":\"WebSite\",\"@id\":\"https:\\\/\\\/laiamolero.com\\\/#website\",\"url\":\"https:\\\/\\\/laiamolero.com\\\/\",\"name\":\"Laia Molero\",\"description\":\"\",\"publisher\":{\"@id\":\"https:\\\/\\\/laiamolero.com\\\/#organization\"},\"potentialAction\":[{\"@type\":\"SearchAction\",\"target\":{\"@type\":\"EntryPoint\",\"urlTemplate\":\"https:\\\/\\\/laiamolero.com\\\/?s={search_term_string}\"},\"query-input\":{\"@type\":\"PropertyValueSpecification\",\"valueRequired\":true,\"valueName\":\"search_term_string\"}}],\"inLanguage\":\"es\"},{\"@type\":\"Organization\",\"@id\":\"https:\\\/\\\/laiamolero.com\\\/#organization\",\"name\":\"Laia Molero\",\"url\":\"https:\\\/\\\/laiamolero.com\\\/\",\"logo\":{\"@type\":\"ImageObject\",\"inLanguage\":\"es\",\"@id\":\"https:\\\/\\\/laiamolero.com\\\/#\\\/schema\\\/logo\\\/image\\\/\",\"url\":\"https:\\\/\\\/laiamolero.com\\\/wp-content\\\/uploads\\\/2024\\\/09\\\/logo_laiamolero.svg\",\"contentUrl\":\"https:\\\/\\\/laiamolero.com\\\/wp-content\\\/uploads\\\/2024\\\/09\\\/logo_laiamolero.svg\",\"width\":680,\"height\":100,\"caption\":\"Laia Molero\"},\"image\":{\"@id\":\"https:\\\/\\\/laiamolero.com\\\/#\\\/schema\\\/logo\\\/image\\\/\"}}]}<\/script>\n<!-- \/ Yoast SEO plugin. -->","yoast_head_json":{"title":"Libro - Escriure les arrels - Laia Molero","robots":{"index":"index","follow":"follow","max-snippet":"max-snippet:-1","max-image-preview":"max-image-preview:large","max-video-preview":"max-video-preview:-1"},"canonical":"https:\/\/laiamolero.com\/es\/libro-escriure-les-arrels\/","og_locale":"es_ES","og_type":"article","og_title":"Libro - Escriure les arrels - Laia Molero","og_description":"vuelve al inicio Libro &#8211; Escriure les arrels Sobre el libro Escriure les arrels es el anhelo de convertirse en pueblo. Es cuidar la memoria y guardarla dentro de las p\u00e1ginas de un libro para que no se olvide. Escriure les arrels son los recuerdos, las fotograf\u00edas anal\u00f3gicas, las digitales, los audios, los recortes, las [&hellip;]","og_url":"https:\/\/laiamolero.com\/es\/libro-escriure-les-arrels\/","og_site_name":"Laia Molero","article_modified_time":"2025-07-03T15:36:07+00:00","og_image":[{"url":"https:\/\/laiamolero.com\/wp-content\/uploads\/2024\/09\/llibre_lamines_2-editada--768x1152.jpg","type":"","width":"","height":""}],"twitter_card":"summary_large_image","twitter_misc":{"Tiempo de lectura":"1 minuto"},"schema":{"@context":"https:\/\/schema.org","@graph":[{"@type":"WebPage","@id":"https:\/\/laiamolero.com\/es\/libro-escriure-les-arrels\/","url":"https:\/\/laiamolero.com\/es\/libro-escriure-les-arrels\/","name":"Libro - Escriure les arrels - Laia Molero","isPartOf":{"@id":"https:\/\/laiamolero.com\/#website"},"primaryImageOfPage":{"@id":"https:\/\/laiamolero.com\/es\/libro-escriure-les-arrels\/#primaryimage"},"image":{"@id":"https:\/\/laiamolero.com\/es\/libro-escriure-les-arrels\/#primaryimage"},"thumbnailUrl":"https:\/\/laiamolero.com\/wp-content\/uploads\/2024\/09\/llibre_lamines_2-editada--768x1152.jpg","datePublished":"2025-07-02T16:21:37+00:00","dateModified":"2025-07-03T15:36:07+00:00","breadcrumb":{"@id":"https:\/\/laiamolero.com\/es\/libro-escriure-les-arrels\/#breadcrumb"},"inLanguage":"es","potentialAction":[{"@type":"ReadAction","target":["https:\/\/laiamolero.com\/es\/libro-escriure-les-arrels\/"]}]},{"@type":"ImageObject","inLanguage":"es","@id":"https:\/\/laiamolero.com\/es\/libro-escriure-les-arrels\/#primaryimage","url":"https:\/\/laiamolero.com\/wp-content\/uploads\/2024\/09\/llibre_lamines_2-editada--768x1152.jpg","contentUrl":"https:\/\/laiamolero.com\/wp-content\/uploads\/2024\/09\/llibre_lamines_2-editada--768x1152.jpg"},{"@type":"BreadcrumbList","@id":"https:\/\/laiamolero.com\/es\/libro-escriure-les-arrels\/#breadcrumb","itemListElement":[{"@type":"ListItem","position":1,"name":"Portada","item":"https:\/\/laiamolero.com\/es\/"},{"@type":"ListItem","position":2,"name":"Libro &#8211; Escriure les arrels"}]},{"@type":"WebSite","@id":"https:\/\/laiamolero.com\/#website","url":"https:\/\/laiamolero.com\/","name":"Laia Molero","description":"","publisher":{"@id":"https:\/\/laiamolero.com\/#organization"},"potentialAction":[{"@type":"SearchAction","target":{"@type":"EntryPoint","urlTemplate":"https:\/\/laiamolero.com\/?s={search_term_string}"},"query-input":{"@type":"PropertyValueSpecification","valueRequired":true,"valueName":"search_term_string"}}],"inLanguage":"es"},{"@type":"Organization","@id":"https:\/\/laiamolero.com\/#organization","name":"Laia Molero","url":"https:\/\/laiamolero.com\/","logo":{"@type":"ImageObject","inLanguage":"es","@id":"https:\/\/laiamolero.com\/#\/schema\/logo\/image\/","url":"https:\/\/laiamolero.com\/wp-content\/uploads\/2024\/09\/logo_laiamolero.svg","contentUrl":"https:\/\/laiamolero.com\/wp-content\/uploads\/2024\/09\/logo_laiamolero.svg","width":680,"height":100,"caption":"Laia Molero"},"image":{"@id":"https:\/\/laiamolero.com\/#\/schema\/logo\/image\/"}}]}},"_links":{"self":[{"href":"https:\/\/laiamolero.com\/es\/wp-json\/wp\/v2\/pages\/2485","targetHints":{"allow":["GET"]}}],"collection":[{"href":"https:\/\/laiamolero.com\/es\/wp-json\/wp\/v2\/pages"}],"about":[{"href":"https:\/\/laiamolero.com\/es\/wp-json\/wp\/v2\/types\/page"}],"author":[{"embeddable":true,"href":"https:\/\/laiamolero.com\/es\/wp-json\/wp\/v2\/users\/1"}],"replies":[{"embeddable":true,"href":"https:\/\/laiamolero.com\/es\/wp-json\/wp\/v2\/comments?post=2485"}],"version-history":[{"count":3,"href":"https:\/\/laiamolero.com\/es\/wp-json\/wp\/v2\/pages\/2485\/revisions"}],"predecessor-version":[{"id":2506,"href":"https:\/\/laiamolero.com\/es\/wp-json\/wp\/v2\/pages\/2485\/revisions\/2506"}],"wp:attachment":[{"href":"https:\/\/laiamolero.com\/es\/wp-json\/wp\/v2\/media?parent=2485"}],"curies":[{"name":"wp","href":"https:\/\/api.w.org\/{rel}","templated":true}]}}